{"id":69,"date":"2025-10-08T13:43:53","date_gmt":"2025-10-08T11:43:53","guid":{"rendered":"http:\/\/www.teatrneon.pl\/?page_id=69"},"modified":"2025-12-22T12:39:33","modified_gmt":"2025-12-22T11:39:33","slug":"spektakle","status":"publish","type":"page","link":"http:\/\/www.teatrneon.pl\/index.php\/spektakle\/","title":{"rendered":"Spektakle"},"content":{"rendered":"\n<div class=\"wp-block-group alignfull is-layout-constrained wp-container-core-group-is-layout-ebee8dc1 wp-block-group-is-layout-constrained\" style=\"margin-top:0;margin-bottom:0;padding-top:var(--wp--preset--spacing--50);padding-bottom:var(--wp--preset--spacing--50)\">\n<div class=\"wp-block-columns alignwide is-layout-flex wp-container-core-columns-is-layout-28f84493 wp-block-columns-is-layout-flex\">\n<div class=\"wp-block-column is-layout-flow wp-block-column-is-layout-flow\">\n<figure class=\"wp-block-image size-full\" style=\"margin-bottom:24px\"><img decoding=\"async\" src=\"http:\/\/www.teatrneon.pl\/wp-content\/themes\/twentytwentyfive\/assets\/images\/delphinium-flowers.webp\" alt=\"Image for service\" style=\"aspect-ratio:4\/3;object-fit:cover\"\/><\/figure>\n\n\n\n<h3 class=\"wp-block-heading\"><strong>Inne dziewczyny<\/strong><\/h3>\n\n\n\n<p>xxx<\/p>\n<\/div>\n<\/div>\n<\/div>\n\n\n\n<div class=\"wp-block-group alignfull is-layout-constrained wp-container-core-group-is-layout-ebee8dc1 wp-block-group-is-layout-constrained\" style=\"margin-top:0;margin-bottom:0;padding-top:var(--wp--preset--spacing--50);padding-bottom:var(--wp--preset--spacing--50)\">\n<div class=\"wp-block-columns alignwide is-layout-flex wp-container-core-columns-is-layout-28f84493 wp-block-columns-is-layout-flex\">\n<div class=\"wp-block-column is-layout-flow wp-block-column-is-layout-flow\">\n<figure class=\"wp-block-image size-full\" style=\"margin-bottom:24px\"><img decoding=\"async\" src=\"http:\/\/www.teatrneon.pl\/wp-content\/themes\/twentytwentyfive\/assets\/images\/delphinium-flowers.webp\" alt=\"Image for service\" style=\"aspect-ratio:4\/3;object-fit:cover\"\/><\/figure>\n\n\n\n<h3 class=\"wp-block-heading\"><strong>Opowie\u015bci le\u015bnej \u015bci\u00f3\u0142ki: Owadki odpadki<\/strong><\/h3>\n\n\n\n<p>xxx<\/p>\n<\/div>\n<\/div>\n<\/div>\n\n\n\n<div class=\"wp-block-group alignfull is-layout-constrained wp-container-core-group-is-layout-ebee8dc1 wp-block-group-is-layout-constrained\" style=\"margin-top:0;margin-bottom:0;padding-top:var(--wp--preset--spacing--50);padding-bottom:var(--wp--preset--spacing--50)\">\n<div class=\"wp-block-columns alignwide is-layout-flex wp-container-core-columns-is-layout-28f84493 wp-block-columns-is-layout-flex\">\n<div class=\"wp-block-column is-layout-flow wp-block-column-is-layout-flow\">\n<figure class=\"wp-block-image size-full\" style=\"margin-bottom:24px\"><img loading=\"lazy\" decoding=\"async\" width=\"1540\" height=\"1016\" src=\"http:\/\/www.teatrneon.pl\/wp-content\/uploads\/2025\/12\/Projekt-bez-nazwy-1.png\" alt=\"\" class=\"wp-image-112\" style=\"aspect-ratio:4\/3;object-fit:cover\" srcset=\"http:\/\/www.teatrneon.pl\/wp-content\/uploads\/2025\/12\/Projekt-bez-nazwy-1.png 1540w, http:\/\/www.teatrneon.pl\/wp-content\/uploads\/2025\/12\/Projekt-bez-nazwy-1-300x198.png 300w, http:\/\/www.teatrneon.pl\/wp-content\/uploads\/2025\/12\/Projekt-bez-nazwy-1-1024x676.png 1024w, http:\/\/www.teatrneon.pl\/wp-content\/uploads\/2025\/12\/Projekt-bez-nazwy-1-768x507.png 768w, http:\/\/www.teatrneon.pl\/wp-content\/uploads\/2025\/12\/Projekt-bez-nazwy-1-1536x1013.png 1536w\" sizes=\"auto, (max-width: 1540px) 100vw, 1540px\" \/><\/figure>\n\n\n\n<h3 class=\"wp-block-heading\"><strong>Konstelacje<\/strong><\/h3>\n\n\n\n<p><\/p>\n\n\n\n<p class=\"has-medium-font-size\"><em>Je\u015bli istnieje ka\u017cda mo\u017cliwa przysz\u0142o\u015b\u0107 to wybory kt\u00f3rych dokonujemy, lub nie dokonujemy, determinuj\u0105 kt\u00f3rej z tych przysz\u0142o\u015bci ko\u0144cowo do\u015bwiadczymy.<\/em><\/p>\n\n\n\n<p><em>Wyobra\u017a sobie rzut ko\u015bci\u0105 sze\u015b\u0107 tysi\u0119cy razy.<\/em><\/p>\n\n\n\n<p class=\"has-medium-font-size\">Ona \u2013 fizyczka zafascynowana teori\u0105 wielo\u015bwiat\u00f3w. On \u2013 pszczelarz z zami\u0142owaniem do prostoty \u017cycia. Ich pe\u0142na emocji i wzrusze\u0144 historia to opowie\u015b\u0107 o mi\u0142o\u015bci i wyborach, kt\u00f3re splataj\u0105 si\u0119 jak gwiazdozbiory na nocnym niebie. Cienka granica dzieli rado\u015b\u0107 od straty, pocz\u0105tek od ko\u0144ca.<\/p>\n\n\n\n<p class=\"has-medium-font-size\"><\/p>\n<\/div>\n<\/div>\n<\/div>\n\n\n\n<div class=\"wp-block-columns alignwide is-layout-flex wp-container-core-columns-is-layout-28f84493 wp-block-columns-is-layout-flex\">\n<div class=\"wp-block-column is-layout-flow wp-block-column-is-layout-flow\">\n<figure class=\"wp-block-image size-full\" style=\"margin-bottom:24px\"><img loading=\"lazy\" decoding=\"async\" width=\"1784\" height=\"1183\" src=\"http:\/\/www.teatrneon.pl\/wp-content\/uploads\/2025\/06\/IMG_1555-edited.jpg\" alt=\"\" class=\"wp-image-38\" style=\"aspect-ratio:4\/3;object-fit:cover\" srcset=\"http:\/\/www.teatrneon.pl\/wp-content\/uploads\/2025\/06\/IMG_1555-edited.jpg 1784w, http:\/\/www.teatrneon.pl\/wp-content\/uploads\/2025\/06\/IMG_1555-edited-300x199.jpg 300w, http:\/\/www.teatrneon.pl\/wp-content\/uploads\/2025\/06\/IMG_1555-edited-1024x679.jpg 1024w, http:\/\/www.teatrneon.pl\/wp-content\/uploads\/2025\/06\/IMG_1555-edited-768x509.jpg 768w, http:\/\/www.teatrneon.pl\/wp-content\/uploads\/2025\/06\/IMG_1555-edited-1536x1019.jpg 1536w\" sizes=\"auto, (max-width: 1784px) 100vw, 1784px\" \/><\/figure>\n\n\n\n<h3 class=\"wp-block-heading\"><strong>AIrt<\/strong><\/h3>\n\n\n\n<p class=\"has-medium-font-size\"><em>Czym jest dla Ciebie przysz\u0142o\u015b\u0107?<br>AIrt &#8211; zbi\u00f3r z pozoru r\u00f3\u017cnych tekst\u00f3w, \u0142\u0105czy rozwa\u017cania na temat przysz\u0142o\u015bci, rozwoju sztucznej inteligencji i technologii. To refleksja nad natur\u0105 naszej egzystencji w \u015bwiecie, kt\u00f3ry<br>zmienia si\u0119 na naszych oczach. Jakie jest miejsce AI we wsp\u00f3\u0142czesnej sztuce? Zanurzcie si\u0119 z nami w dystopijnej wizji \u015bwiata i poszukajcie z nami odpowiedzi na pytanie czy jeste\u015bmy gotowi na przysz\u0142o\u015b\u0107, kt\u00f3r\u0105 sami stworzyli\u015bmy?<\/em><\/p>\n\n\n\n<p class=\"has-medium-font-size\"><\/p>\n<\/div>\n<\/div>\n\n\n\n<div class=\"wp-block-columns alignwide is-layout-flex wp-container-core-columns-is-layout-28f84493 wp-block-columns-is-layout-flex\">\n<div class=\"wp-block-column is-layout-flow wp-block-column-is-layout-flow\">\n<figure class=\"wp-block-image size-full\" style=\"margin-bottom:24px\"><img loading=\"lazy\" decoding=\"async\" width=\"956\" height=\"637\" src=\"http:\/\/www.teatrneon.pl\/wp-content\/uploads\/2025\/06\/FB_IMG_1717691804604-edited.jpeg\" alt=\"\" class=\"wp-image-32\" style=\"aspect-ratio:4\/3;object-fit:cover\" srcset=\"http:\/\/www.teatrneon.pl\/wp-content\/uploads\/2025\/06\/FB_IMG_1717691804604-edited.jpeg 956w, http:\/\/www.teatrneon.pl\/wp-content\/uploads\/2025\/06\/FB_IMG_1717691804604-edited-300x200.jpeg 300w, http:\/\/www.teatrneon.pl\/wp-content\/uploads\/2025\/06\/FB_IMG_1717691804604-edited-768x512.jpeg 768w\" sizes=\"auto, (max-width: 956px) 100vw, 956px\" \/><\/figure>\n\n\n\n<h3 class=\"wp-block-heading\"><strong>Opowie\u015bci le\u015bnej \u015bci\u00f3\u0142ki: GRZYBKI<\/strong><\/h3>\n\n\n\n<p class=\"has-medium-font-size\"><em>To urocza i pouczaj\u0105ca opowie\u015b\u0107 teatralna skierowana do dzieci, kt\u00f3ra<br>opowiada o przyja\u017ani, wsp\u00f3\u0142pracy i przygodach. Spektakl rozgrywa si\u0119 w magicznym, le\u015bnym \u015bwiecie, gdzie trzy grzybki &#8211; Czerwony, Zielony i Niebieski &#8211; wyruszaj\u0105 w niezapomnian\u0105 podr\u00f3\u017c pe\u0142n\u0105 niespodzianek. G\u0142\u00f3wni bohaterowie, cho\u0107 ca\u0142kowicie r\u00f3\u017cni, s\u0105 najlepszymi przyjaci\u00f3\u0142mi. Czerwony jest m\u0105dry i troskliwy, Zielony pe\u0142en energii i pomys\u0142\u00f3w, a Niebieski nie\u015bmia\u0142y, ale serdeczny. Razem tworz\u0105 doskona\u0142e trio, kt\u00f3re pokonuje wszelkie przeszkody.<br>Ich przyja\u017a\u0144 zostaje wystawiona na pr\u00f3b\u0119, a ka\u017cda przygoda przynosi nowe wyzwania i lekcje, kt\u00f3re ucz\u0105 Trzy Grzybki, jak wa\u017cne jest wzajemne wsparcie. Ta kolorowa i pe\u0142na humoru<br>historia porusza serca zar\u00f3wno ma\u0142ych, jak i du\u017cych widz\u00f3w, przypominaj\u0105c o warto\u015bci prawdziwej przyja\u017ani i wsp\u00f3lnego pokonywania trudno\u015bci.<\/em><\/p>\n\n\n\n<p class=\"has-medium-font-size\"><br><strong>Spektakl interaktywny &#8211; m\u0142odzi widzowie mog\u0105 zaanga\u017cowa\u0107 si\u0119 w przygody naszych bohater\u00f3w!<\/strong><\/p>\n\n\n\n<p class=\"has-medium-font-size\"><\/p>\n<\/div>\n<\/div>\n\n\n\n<p><\/p>\n","protected":false},"excerpt":{"rendered":"<p>Inne dziewczyny xxx Opowie\u015bci le\u015bnej \u015bci\u00f3\u0142ki: Owadki odpadki xxx Konstelacje Je\u015bli istnieje ka\u017cda mo\u017cliwa przysz\u0142o\u015b\u0107 to wybory kt\u00f3rych dokonujemy, lub nie dokonujemy, determinuj\u0105 kt\u00f3rej z tych przysz\u0142o\u015bci ko\u0144cowo do\u015bwiadczymy. Wyobra\u017a sobie rzut ko\u015bci\u0105 sze\u015b\u0107 tysi\u0119cy razy. Ona \u2013 fizyczka zafascynowana teori\u0105 wielo\u015bwiat\u00f3w. On \u2013 pszczelarz z zami\u0142owaniem do prostoty \u017cycia. Ich pe\u0142na emocji i wzrusze\u0144 [&hellip;]<\/p>\n","protected":false},"author":1,"featured_media":0,"parent":0,"menu_order":0,"comment_status":"closed","ping_status":"closed","template":"","meta":{"footnotes":""},"class_list":["post-69","page","type-page","status-publish","hentry"],"_links":{"self":[{"href":"http:\/\/www.teatrneon.pl\/index.php\/wp-json\/wp\/v2\/pages\/69","targetHints":{"allow":["GET"]}}],"collection":[{"href":"http:\/\/www.teatrneon.pl\/index.php\/wp-json\/wp\/v2\/pages"}],"about":[{"href":"http:\/\/www.teatrneon.pl\/index.php\/wp-json\/wp\/v2\/types\/page"}],"author":[{"embeddable":true,"href":"http:\/\/www.teatrneon.pl\/index.php\/wp-json\/wp\/v2\/users\/1"}],"replies":[{"embeddable":true,"href":"http:\/\/www.teatrneon.pl\/index.php\/wp-json\/wp\/v2\/comments?post=69"}],"version-history":[{"count":3,"href":"http:\/\/www.teatrneon.pl\/index.php\/wp-json\/wp\/v2\/pages\/69\/revisions"}],"predecessor-version":[{"id":113,"href":"http:\/\/www.teatrneon.pl\/index.php\/wp-json\/wp\/v2\/pages\/69\/revisions\/113"}],"wp:attachment":[{"href":"http:\/\/www.teatrneon.pl\/index.php\/wp-json\/wp\/v2\/media?parent=69"}],"curies":[{"name":"wp","href":"https:\/\/api.w.org\/{rel}","templated":true}]}}